{"id":10779,"date":"2021-10-08T00:04:59","date_gmt":"2021-10-07T22:04:59","guid":{"rendered":"https:\/\/vb-realestate.com\/?page_id=10779"},"modified":"2021-12-10T15:46:24","modified_gmt":"2021-12-10T14:46:24","slug":"nossos-valores-e-missoes","status":"publish","type":"page","link":"https:\/\/www.vb-realestate.com\/pt-pt\/nossos-valores-e-missoes\/","title":{"rendered":"Nossos Valores e Miss\u00f5es"},"content":{"rendered":"\t\t<div data-elementor-type=\"wp-page\" data-elementor-id=\"10779\" class=\"elementor elementor-10779 elementor-8969\" data-elementor-post-type=\"page\">\n\t\t\t\t\t\t<section class=\"elementor-section elementor-top-section elementor-element elementor-element-11d30e1 elementor-section-boxed elementor-section-height-default elementor-section-height-default\" data-id=\"11d30e1\" data-element_type=\"section\" data-e-type=\"section\">\n\t\t\t\t\t\t<div class=\"elementor-container elementor-column-gap-default\">\n\t\t\t\t\t<div class=\"elementor-column elementor-col-25 elementor-top-column elementor-element elementor-element-1174b2e\" data-id=\"1174b2e\" data-element_type=\"column\" data-e-type=\"column\">\n\t\t\t<div class=\"elementor-widget-wrap elementor-element-populated\">\n\t\t\t\t\t\t<div class=\"elementor-element elementor-element-2b68479 elementor-invisible elementor-widget elementor-widget-image\" data-id=\"2b68479\" data-element_type=\"widget\" data-e-type=\"widget\" data-settings=\"{&quot;_animation&quot;:&quot;rollIn&quot;}\" data-widget_type=\"image.default\">\n\t\t\t\t<div class=\"elementor-widget-container\">\n\t\t\t\t\t\t\t\t\t\t\t\t\t\t\t<img  title=\"\" fetchpriority=\"high\" decoding=\"async\" width=\"350\" height=\"350\" src=\"https:\/\/www.vb-realestate.com\/wp-content\/uploads\/2021\/07\/Nos-vALEURS-2-350x350.png\" class=\"attachment-medium size-medium wp-image-8961\"  alt=\"Nos-vALEURS-2-350x350 Nossos Valores e Miss\u00f5es\"  srcset=\"https:\/\/www.vb-realestate.com\/wp-content\/uploads\/2021\/07\/Nos-vALEURS-2-350x350.png 350w, https:\/\/www.vb-realestate.com\/wp-content\/uploads\/2021\/07\/Nos-vALEURS-2-150x150.png 150w, https:\/\/www.vb-realestate.com\/wp-content\/uploads\/2021\/07\/Nos-vALEURS-2-210x210.png 210w, https:\/\/www.vb-realestate.com\/wp-content\/uploads\/2021\/07\/Nos-vALEURS-2.png 500w\" sizes=\"(max-width: 350px) 100vw, 350px\" \/>\t\t\t\t\t\t\t\t\t\t\t\t\t\t\t<\/div>\n\t\t\t\t<\/div>\n\t\t\t\t<div class=\"elementor-element elementor-element-d2fec20 elementor-widget elementor-widget-heading\" data-id=\"d2fec20\" data-element_type=\"widget\" data-e-type=\"widget\" data-widget_type=\"heading.default\">\n\t\t\t\t<div class=\"elementor-widget-container\">\n\t\t\t\t\t<h2 class=\"elementor-heading-title elementor-size-medium\">Confian\u00e7a e Compromisso<\/h2>\t\t\t\t<\/div>\n\t\t\t\t<\/div>\n\t\t\t\t<div class=\"elementor-element elementor-element-bba50a9 elementor-widget elementor-widget-text-editor\" data-id=\"bba50a9\" data-element_type=\"widget\" data-e-type=\"widget\" data-widget_type=\"text-editor.default\">\n\t\t\t\t<div class=\"elementor-widget-container\">\n\t\t\t\t\t\t\t\t\t<p>Na <strong>VB REAL ESTATE<\/strong>, estamos empenhados em construir rela\u00e7\u00f5es baseadas na <strong>confian\u00e7a<\/strong> e <strong>proximidade<\/strong> com os nossos <strong>clientes e parceiros.<\/strong><\/p><p>O nosso compromisso e a nossa maior satisfa\u00e7\u00e3o: <strong>Encontrar o im\u00f3vel com que sempre sonhou<\/strong><span style=\"text-decoration: underline;\"><strong>!!!<\/strong><\/span><\/p>\t\t\t\t\t\t\t\t<\/div>\n\t\t\t\t<\/div>\n\t\t\t\t\t<\/div>\n\t\t<\/div>\n\t\t\t\t<div class=\"elementor-column elementor-col-25 elementor-top-column elementor-element elementor-element-0141740\" data-id=\"0141740\" data-element_type=\"column\" data-e-type=\"column\">\n\t\t\t<div class=\"elementor-widget-wrap elementor-element-populated\">\n\t\t\t\t\t\t<div class=\"elementor-element elementor-element-6e46f7b elementor-invisible elementor-widget elementor-widget-image\" data-id=\"6e46f7b\" data-element_type=\"widget\" data-e-type=\"widget\" data-settings=\"{&quot;_animation&quot;:&quot;rollIn&quot;}\" data-widget_type=\"image.default\">\n\t\t\t\t<div class=\"elementor-widget-container\">\n\t\t\t\t\t\t\t\t\t\t\t\t\t\t\t<img  title=\"\" decoding=\"async\" width=\"500\" height=\"500\" src=\"https:\/\/www.vb-realestate.com\/wp-content\/uploads\/2021\/07\/Nos-vALEURS-1.png\" class=\"attachment-large size-large wp-image-8958\"  alt=\"Nos-vALEURS-1 Nossos Valores e Miss\u00f5es\"  srcset=\"https:\/\/www.vb-realestate.com\/wp-content\/uploads\/2021\/07\/Nos-vALEURS-1.png 500w, https:\/\/www.vb-realestate.com\/wp-content\/uploads\/2021\/07\/Nos-vALEURS-1-350x350.png 350w, https:\/\/www.vb-realestate.com\/wp-content\/uploads\/2021\/07\/Nos-vALEURS-1-150x150.png 150w, https:\/\/www.vb-realestate.com\/wp-content\/uploads\/2021\/07\/Nos-vALEURS-1-210x210.png 210w\" sizes=\"(max-width: 500px) 100vw, 500px\" \/>\t\t\t\t\t\t\t\t\t\t\t\t\t\t\t<\/div>\n\t\t\t\t<\/div>\n\t\t\t\t<div class=\"elementor-element elementor-element-624a4d6 elementor-widget elementor-widget-heading\" data-id=\"624a4d6\" data-element_type=\"widget\" data-e-type=\"widget\" data-widget_type=\"heading.default\">\n\t\t\t\t<div class=\"elementor-widget-container\">\n\t\t\t\t\t<h2 class=\"elementor-heading-title elementor-size-medium\">Respeito<\/h2>\t\t\t\t<\/div>\n\t\t\t\t<\/div>\n\t\t\t\t<div class=\"elementor-element elementor-element-cf67d2d elementor-widget elementor-widget-text-editor\" data-id=\"cf67d2d\" data-element_type=\"widget\" data-e-type=\"widget\" data-widget_type=\"text-editor.default\">\n\t\t\t\t<div class=\"elementor-widget-container\">\n\t\t\t\t\t\t\t\t\t<p>Um dos nossos principais valores: <strong>RESPEITO<\/strong> pelos nossos clientes, colaboradores e parceiros.<\/p>\t\t\t\t\t\t\t\t<\/div>\n\t\t\t\t<\/div>\n\t\t\t\t\t<\/div>\n\t\t<\/div>\n\t\t\t\t<div class=\"elementor-column elementor-col-25 elementor-top-column elementor-element elementor-element-e2ec31e\" data-id=\"e2ec31e\" data-element_type=\"column\" data-e-type=\"column\">\n\t\t\t<div class=\"elementor-widget-wrap elementor-element-populated\">\n\t\t\t\t\t\t<div class=\"elementor-element elementor-element-298bd7f elementor-invisible elementor-widget elementor-widget-image\" data-id=\"298bd7f\" data-element_type=\"widget\" data-e-type=\"widget\" data-settings=\"{&quot;_animation&quot;:&quot;rollIn&quot;}\" data-widget_type=\"image.default\">\n\t\t\t\t<div class=\"elementor-widget-container\">\n\t\t\t\t\t\t\t\t\t\t\t\t\t\t\t<img  title=\"\" decoding=\"async\" width=\"500\" height=\"500\" src=\"https:\/\/www.vb-realestate.com\/wp-content\/uploads\/2021\/07\/Nos-vALEURS-3.png\" class=\"attachment-large size-large wp-image-8964\"  alt=\"Nos-vALEURS-3 Nossos Valores e Miss\u00f5es\"  srcset=\"https:\/\/www.vb-realestate.com\/wp-content\/uploads\/2021\/07\/Nos-vALEURS-3.png 500w, https:\/\/www.vb-realestate.com\/wp-content\/uploads\/2021\/07\/Nos-vALEURS-3-350x350.png 350w, https:\/\/www.vb-realestate.com\/wp-content\/uploads\/2021\/07\/Nos-vALEURS-3-150x150.png 150w, https:\/\/www.vb-realestate.com\/wp-content\/uploads\/2021\/07\/Nos-vALEURS-3-210x210.png 210w\" sizes=\"(max-width: 500px) 100vw, 500px\" \/>\t\t\t\t\t\t\t\t\t\t\t\t\t\t\t<\/div>\n\t\t\t\t<\/div>\n\t\t\t\t<div class=\"elementor-element elementor-element-4917421 elementor-widget elementor-widget-heading\" data-id=\"4917421\" data-element_type=\"widget\" data-e-type=\"widget\" data-widget_type=\"heading.default\">\n\t\t\t\t<div class=\"elementor-widget-container\">\n\t\t\t\t\t<h2 class=\"elementor-heading-title elementor-size-medium\">Profissionalismo<\/h2>\t\t\t\t<\/div>\n\t\t\t\t<\/div>\n\t\t\t\t<div class=\"elementor-element elementor-element-23b346a elementor-widget elementor-widget-text-editor\" data-id=\"23b346a\" data-element_type=\"widget\" data-e-type=\"widget\" data-widget_type=\"text-editor.default\">\n\t\t\t\t<div class=\"elementor-widget-container\">\n\t\t\t\t\t\t\t\t\t<p>As nossas equipas t\u00eam uma vasta experi\u00eancia e conhecimento do mercado imobili\u00e1rio portugu\u00eas e franc\u00eas.<\/p><p>Estamos dispon\u00edveis 24 horas por dia e acompanh\u00e1-lo-emos mesmo ap\u00f3s a sua instala\u00e7\u00e3o.<\/p>\t\t\t\t\t\t\t\t<\/div>\n\t\t\t\t<\/div>\n\t\t\t\t\t<\/div>\n\t\t<\/div>\n\t\t\t\t<div class=\"elementor-column elementor-col-25 elementor-top-column elementor-element elementor-element-88a7b15\" data-id=\"88a7b15\" data-element_type=\"column\" data-e-type=\"column\">\n\t\t\t<div class=\"elementor-widget-wrap elementor-element-populated\">\n\t\t\t\t\t\t<div class=\"elementor-element elementor-element-6abd42c elementor-invisible elementor-widget elementor-widget-image\" data-id=\"6abd42c\" data-element_type=\"widget\" data-e-type=\"widget\" data-settings=\"{&quot;_animation&quot;:&quot;rollIn&quot;}\" data-widget_type=\"image.default\">\n\t\t\t\t<div class=\"elementor-widget-container\">\n\t\t\t\t\t\t\t\t\t\t\t\t\t\t\t<img  title=\"\" loading=\"lazy\" decoding=\"async\" width=\"500\" height=\"500\" src=\"https:\/\/www.vb-realestate.com\/wp-content\/uploads\/2021\/07\/Sans-titre-1.png\" class=\"attachment-large size-large wp-image-8984\"  alt=\"Sans-titre-1 Nossos Valores e Miss\u00f5es\"  srcset=\"https:\/\/www.vb-realestate.com\/wp-content\/uploads\/2021\/07\/Sans-titre-1.png 500w, https:\/\/www.vb-realestate.com\/wp-content\/uploads\/2021\/07\/Sans-titre-1-350x350.png 350w, https:\/\/www.vb-realestate.com\/wp-content\/uploads\/2021\/07\/Sans-titre-1-150x150.png 150w, https:\/\/www.vb-realestate.com\/wp-content\/uploads\/2021\/07\/Sans-titre-1-210x210.png 210w\" sizes=\"(max-width: 500px) 100vw, 500px\" \/>\t\t\t\t\t\t\t\t\t\t\t\t\t\t\t<\/div>\n\t\t\t\t<\/div>\n\t\t\t\t<div class=\"elementor-element elementor-element-da7b55e elementor-widget elementor-widget-heading\" data-id=\"da7b55e\" data-element_type=\"widget\" data-e-type=\"widget\" data-widget_type=\"heading.default\">\n\t\t\t\t<div class=\"elementor-widget-container\">\n\t\t\t\t\t<h2 class=\"elementor-heading-title elementor-size-medium\">\u00c9tica<\/h2>\t\t\t\t<\/div>\n\t\t\t\t<\/div>\n\t\t\t\t<div class=\"elementor-element elementor-element-dd7a460 elementor-widget elementor-widget-text-editor\" data-id=\"dd7a460\" data-element_type=\"widget\" data-e-type=\"widget\" data-widget_type=\"text-editor.default\">\n\t\t\t\t<div class=\"elementor-widget-container\">\n\t\t\t\t\t\t\t\t\t<p>A \u00e9tica est\u00e1 presente na vida quotidiana da nossa empresa:<\/p><ul><li>Recursos humanos<\/li><li>Gest\u00e3o<\/li><li>Pol\u00edtica global da empresa<\/li><\/ul>\t\t\t\t\t\t\t\t<\/div>\n\t\t\t\t<\/div>\n\t\t\t\t\t<\/div>\n\t\t<\/div>\n\t\t\t\t\t<\/div>\n\t\t<\/section>\n\t\t\t\t<section class=\"elementor-section elementor-top-section elementor-element elementor-element-f984bf5 elementor-section-boxed elementor-section-height-default elementor-section-height-default\" data-id=\"f984bf5\" data-element_type=\"section\" data-e-type=\"section\">\n\t\t\t\t\t\t<div class=\"elementor-container elementor-column-gap-default\">\n\t\t\t\t\t<div class=\"elementor-column elementor-col-100 elementor-top-column elementor-element elementor-element-3b13a85\" data-id=\"3b13a85\" data-element_type=\"column\" data-e-type=\"column\">\n\t\t\t<div class=\"elementor-widget-wrap elementor-element-populated\">\n\t\t\t\t\t\t<div class=\"elementor-element elementor-element-a3cafb3 elementor-invisible elementor-widget elementor-widget-image\" data-id=\"a3cafb3\" data-element_type=\"widget\" data-e-type=\"widget\" data-settings=\"{&quot;_animation&quot;:&quot;zoomIn&quot;}\" data-widget_type=\"image.default\">\n\t\t\t\t<div class=\"elementor-widget-container\">\n\t\t\t\t\t\t\t\t\t\t\t\t\t\t\t<img  title=\"\" loading=\"lazy\" decoding=\"async\" width=\"150\" height=\"150\" src=\"https:\/\/www.vb-realestate.com\/wp-content\/uploads\/2021\/07\/878290-150x150.png\" class=\"attachment-thumbnail size-thumbnail wp-image-8896\"  alt=\"878290-150x150 Nossos Valores e Miss\u00f5es\"  srcset=\"https:\/\/www.vb-realestate.com\/wp-content\/uploads\/2021\/07\/878290-150x150.png 150w, https:\/\/www.vb-realestate.com\/wp-content\/uploads\/2021\/07\/878290-350x350.png 350w, https:\/\/www.vb-realestate.com\/wp-content\/uploads\/2021\/07\/878290.png 512w, https:\/\/www.vb-realestate.com\/wp-content\/uploads\/2021\/07\/878290-210x210.png 210w\" sizes=\"(max-width: 150px) 100vw, 150px\" \/>\t\t\t\t\t\t\t\t\t\t\t\t\t\t\t<\/div>\n\t\t\t\t<\/div>\n\t\t\t\t<div class=\"elementor-element elementor-element-bcf3093 elementor-widget elementor-widget-heading\" data-id=\"bcf3093\" data-element_type=\"widget\" data-e-type=\"widget\" data-widget_type=\"heading.default\">\n\t\t\t\t<div class=\"elementor-widget-container\">\n\t\t\t\t\t<h2 class=\"elementor-heading-title elementor-size-medium\">Um MUNDO melhor<\/h2>\t\t\t\t<\/div>\n\t\t\t\t<\/div>\n\t\t\t\t<div class=\"elementor-element elementor-element-7adae73 elementor-widget elementor-widget-gallery\" data-id=\"7adae73\" data-element_type=\"widget\" data-e-type=\"widget\" data-settings=\"{&quot;lazyload&quot;:&quot;yes&quot;,&quot;gallery_layout&quot;:&quot;grid&quot;,&quot;columns&quot;:4,&quot;columns_tablet&quot;:2,&quot;columns_mobile&quot;:1,&quot;gap&quot;:{&quot;unit&quot;:&quot;px&quot;,&quot;size&quot;:10,&quot;sizes&quot;:[]},&quot;gap_tablet&quot;:{&quot;unit&quot;:&quot;px&quot;,&quot;size&quot;:10,&quot;sizes&quot;:[]},&quot;gap_mobile&quot;:{&quot;unit&quot;:&quot;px&quot;,&quot;size&quot;:10,&quot;sizes&quot;:[]},&quot;link_to&quot;:&quot;file&quot;,&quot;aspect_ratio&quot;:&quot;3:2&quot;,&quot;overlay_background&quot;:&quot;yes&quot;,&quot;content_hover_animation&quot;:&quot;fade-in&quot;}\" data-widget_type=\"gallery.default\">\n\t\t\t\t<div class=\"elementor-widget-container\">\n\t\t\t\t\t\t\t<div class=\"elementor-gallery__container\">\n\t\t\t\t\t\t\t<a class=\"e-gallery-item elementor-gallery-item elementor-animated-content\" href=\"https:\/\/www.vb-realestate.com\/wp-content\/uploads\/2021\/07\/hand-1137978_1280.jpg\" data-elementor-open-lightbox=\"yes\" data-elementor-lightbox-slideshow=\"7adae73\" data-e-action-hash=\"#elementor-action%3Aaction%3Dlightbox%26settings%3DeyJpZCI6OTAxMCwidXJsIjoiaHR0cHM6XC9cL3d3dy52Yi1yZWFsZXN0YXRlLmNvbVwvd3AtY29udGVudFwvdXBsb2Fkc1wvMjAyMVwvMDdcL2hhbmQtMTEzNzk3OF8xMjgwLmpwZyIsInNsaWRlc2hvdyI6IjdhZGFlNzMifQ%3D%3D\">\n\t\t\t\t\t<div class=\"e-gallery-image elementor-gallery-item__image\" data-thumbnail=\"https:\/\/www.vb-realestate.com\/wp-content\/uploads\/2021\/07\/hand-1137978_1280-350x263.jpg\" data-width=\"350\" data-height=\"263\" aria-label=\"\" role=\"img\" ><\/div>\n\t\t\t\t\t\t\t\t\t\t\t<div class=\"elementor-gallery-item__overlay\"><\/div>\n\t\t\t\t\t\t\t\t\t\t\t\t\t\t<\/a>\n\t\t\t\t\t\t\t<a class=\"e-gallery-item elementor-gallery-item elementor-animated-content\" href=\"https:\/\/www.vb-realestate.com\/wp-content\/uploads\/2021\/07\/school-1909908_1280.jpg\" data-elementor-open-lightbox=\"yes\" data-elementor-lightbox-slideshow=\"7adae73\" data-e-action-hash=\"#elementor-action%3Aaction%3Dlightbox%26settings%3DeyJpZCI6OTAxMywidXJsIjoiaHR0cHM6XC9cL3d3dy52Yi1yZWFsZXN0YXRlLmNvbVwvd3AtY29udGVudFwvdXBsb2Fkc1wvMjAyMVwvMDdcL3NjaG9vbC0xOTA5OTA4XzEyODAuanBnIiwic2xpZGVzaG93IjoiN2FkYWU3MyJ9\">\n\t\t\t\t\t<div class=\"e-gallery-image elementor-gallery-item__image\" data-thumbnail=\"https:\/\/www.vb-realestate.com\/wp-content\/uploads\/2021\/07\/school-1909908_1280-350x263.jpg\" data-width=\"350\" data-height=\"263\" aria-label=\"\" role=\"img\" ><\/div>\n\t\t\t\t\t\t\t\t\t\t\t<div class=\"elementor-gallery-item__overlay\"><\/div>\n\t\t\t\t\t\t\t\t\t\t\t\t\t\t<\/a>\n\t\t\t\t\t\t\t<a class=\"e-gallery-item elementor-gallery-item elementor-animated-content\" href=\"https:\/\/www.vb-realestate.com\/wp-content\/uploads\/2021\/07\/school-507977_1280.jpg\" data-elementor-open-lightbox=\"yes\" data-elementor-lightbox-slideshow=\"7adae73\" data-e-action-hash=\"#elementor-action%3Aaction%3Dlightbox%26settings%3DeyJpZCI6OTAxNiwidXJsIjoiaHR0cHM6XC9cL3d3dy52Yi1yZWFsZXN0YXRlLmNvbVwvd3AtY29udGVudFwvdXBsb2Fkc1wvMjAyMVwvMDdcL3NjaG9vbC01MDc5NzdfMTI4MC5qcGciLCJzbGlkZXNob3ciOiI3YWRhZTczIn0%3D\">\n\t\t\t\t\t<div class=\"e-gallery-image elementor-gallery-item__image\" data-thumbnail=\"https:\/\/www.vb-realestate.com\/wp-content\/uploads\/2021\/07\/school-507977_1280-350x263.jpg\" data-width=\"350\" data-height=\"263\" aria-label=\"\" role=\"img\" ><\/div>\n\t\t\t\t\t\t\t\t\t\t\t<div class=\"elementor-gallery-item__overlay\"><\/div>\n\t\t\t\t\t\t\t\t\t\t\t\t\t\t<\/a>\n\t\t\t\t\t\t\t<a class=\"e-gallery-item elementor-gallery-item elementor-animated-content\" href=\"https:\/\/www.vb-realestate.com\/wp-content\/uploads\/2021\/07\/school-2985703_1280.jpg\" data-elementor-open-lightbox=\"yes\" data-elementor-lightbox-slideshow=\"7adae73\" data-e-action-hash=\"#elementor-action%3Aaction%3Dlightbox%26settings%3DeyJpZCI6OTAxOSwidXJsIjoiaHR0cHM6XC9cL3d3dy52Yi1yZWFsZXN0YXRlLmNvbVwvd3AtY29udGVudFwvdXBsb2Fkc1wvMjAyMVwvMDdcL3NjaG9vbC0yOTg1NzAzXzEyODAuanBnIiwic2xpZGVzaG93IjoiN2FkYWU3MyJ9\">\n\t\t\t\t\t<div class=\"e-gallery-image elementor-gallery-item__image\" data-thumbnail=\"https:\/\/www.vb-realestate.com\/wp-content\/uploads\/2021\/07\/school-2985703_1280-350x233.jpg\" data-width=\"350\" data-height=\"233\" aria-label=\"\" role=\"img\" ><\/div>\n\t\t\t\t\t\t\t\t\t\t\t<div class=\"elementor-gallery-item__overlay\"><\/div>\n\t\t\t\t\t\t\t\t\t\t\t\t\t\t<\/a>\n\t\t\t\t\t<\/div>\n\t\t\t\t\t<\/div>\n\t\t\t\t<\/div>\n\t\t\t\t<div class=\"elementor-element elementor-element-2c0c2db elementor-widget elementor-widget-text-editor\" data-id=\"2c0c2db\" data-element_type=\"widget\" data-e-type=\"widget\" data-widget_type=\"text-editor.default\">\n\t\t\t\t<div class=\"elementor-widget-container\">\n\t\t\t\t\t\t\t\t\t<p>Uma das miss\u00f5es da <strong>VB Real Estate<\/strong> \u00e9 contribuir para um mundo melhor.<\/p><p>Todos os anos, uma parte dos nossos lucros ser\u00e1 doada a uma obra de caridade ou causa.<\/p><p>Os nossos seguidores e clientes ser\u00e3o convidados a participar na escolha do benefici\u00e1rio da nossa contribui\u00e7\u00e3o.<\/p><p>Um dos nossos objectivos a m\u00e9dio prazo \u00e9 criar uma organiza\u00e7\u00e3o independente sem fins lucrativos, com o objectivo de participar em ac\u00e7\u00f5es de solidariedade em Fran\u00e7a, Portugal e a n\u00edvel internacional, de contribuir para a constru\u00e7\u00e3o de escolas e centros de sa\u00fade em \u00c1frica, e de encorajar uma mudan\u00e7a de mentalidade na grande maioria das empresas, cujo \u00fanico objectivo \u00e9 maximizar os resultados e distribuir um m\u00e1ximo de dividendos, sem se preocupar com o ambiente que as rodeia e as gera\u00e7\u00f5es futuras.<\/p><p>Esta \u00e9 uma das principais miss\u00f5es de <a href=\"https:\/\/vb-realestate.com\/pt-pt\/agent\/bruno-vieira\/\"><strong>Bruno VIEIRA<\/strong><\/a>, o nosso CEO e fundador.<\/p>\t\t\t\t\t\t\t\t<\/div>\n\t\t\t\t<\/div>\n\t\t\t\t\t<\/div>\n\t\t<\/div>\n\t\t\t\t\t<\/div>\n\t\t<\/section>\n\t\t\t\t<\/div>\n\t\t","protected":false},"excerpt":{"rendered":"<p>Confian\u00e7a e Compromisso Na VB REAL ESTATE, estamos empenhados em construir rela\u00e7\u00f5es baseadas na confian\u00e7a e proximidade com os nossos clientes e parceiros. O nosso compromisso e a nossa maior satisfa\u00e7\u00e3o: Encontrar o im\u00f3vel com que sempre sonhou!!! Respeito Um dos nossos principais valores: RESPEITO pelos nossos clientes, colaboradores e parceiros. Profissionalismo As nossas equipas&#8230;<\/p>\n","protected":false},"author":1,"featured_media":0,"parent":0,"menu_order":0,"comment_status":"closed","ping_status":"closed","template":"","meta":{"om_disable_all_campaigns":false,"_uag_custom_page_level_css":"","_joinchat":[],"footnotes":""},"class_list":["post-10779","page","type-page","status-publish","hentry"],"aioseo_notices":[],"uagb_featured_image_src":{"full":false,"thumbnail":false,"medium":false,"medium_large":false,"large":false,"1536x1536":false,"2048x2048":false,"post-thumbnail":false,"modern-property-child-slider":false,"property-thumb-image":false,"property-detail-video-image":false,"agent-image":false,"partners-logo":false,"post-featured-image":false},"uagb_author_info":{"display_name":"admin2969","author_link":"https:\/\/www.vb-realestate.com\/pt-pt\/author\/admin2969\/"},"uagb_comment_info":0,"uagb_excerpt":"Confian\u00e7a e Compromisso Na VB REAL ESTATE, estamos empenhados em construir rela\u00e7\u00f5es baseadas na confian\u00e7a e proximidade com os nossos clientes e parceiros. O nosso compromisso e a nossa maior satisfa\u00e7\u00e3o: Encontrar o im\u00f3vel com que sempre sonhou!!! Respeito Um dos nossos principais valores: RESPEITO pelos nossos clientes, colaboradores e parceiros. Profissionalismo As nossas equipas...","jetpack_sharing_enabled":true,"_links":{"self":[{"href":"https:\/\/www.vb-realestate.com\/pt-pt\/wp-json\/wp\/v2\/pages\/10779","targetHints":{"allow":["GET"]}}],"collection":[{"href":"https:\/\/www.vb-realestate.com\/pt-pt\/wp-json\/wp\/v2\/pages"}],"about":[{"href":"https:\/\/www.vb-realestate.com\/pt-pt\/wp-json\/wp\/v2\/types\/page"}],"author":[{"embeddable":true,"href":"https:\/\/www.vb-realestate.com\/pt-pt\/wp-json\/wp\/v2\/users\/1"}],"replies":[{"embeddable":true,"href":"https:\/\/www.vb-realestate.com\/pt-pt\/wp-json\/wp\/v2\/comments?post=10779"}],"version-history":[{"count":0,"href":"https:\/\/www.vb-realestate.com\/pt-pt\/wp-json\/wp\/v2\/pages\/10779\/revisions"}],"wp:attachment":[{"href":"https:\/\/www.vb-realestate.com\/pt-pt\/wp-json\/wp\/v2\/media?parent=10779"}],"curies":[{"name":"wp","href":"https:\/\/api.w.org\/{rel}","templated":true}]}}