{"id":11127,"date":"2021-10-17T17:48:09","date_gmt":"2021-10-17T15:48:09","guid":{"rendered":"https:\/\/vb-realestate.com\/?page_id=11127"},"modified":"2021-10-17T17:54:18","modified_gmt":"2021-10-17T15:54:18","slug":"17-06-2021-portugal-4o-pais-mais-seguro-do-mundo","status":"publish","type":"page","link":"https:\/\/www.vb-realestate.com\/pt-pt\/17-06-2021-portugal-4o-pais-mais-seguro-do-mundo\/","title":{"rendered":"17\/06\/2021 &#8211; Portugal 4\u00ba pa\u00eds mais seguro do mundo"},"content":{"rendered":"\t\t<div data-elementor-type=\"wp-page\" data-elementor-id=\"11127\" class=\"elementor elementor-11127 elementor-9863\" data-elementor-post-type=\"page\">\n\t\t\t\t\t\t<section class=\"elementor-section elementor-top-section elementor-element elementor-element-71d9b64 elementor-section-boxed elementor-section-height-default elementor-section-height-default\" data-id=\"71d9b64\" data-element_type=\"section\" data-e-type=\"section\">\n\t\t\t\t\t\t<div class=\"elementor-container elementor-column-gap-default\">\n\t\t\t\t\t<div class=\"elementor-column elementor-col-100 elementor-top-column elementor-element elementor-element-d67406a\" data-id=\"d67406a\" data-element_type=\"column\" data-e-type=\"column\">\n\t\t\t<div class=\"elementor-widget-wrap elementor-element-populated\">\n\t\t\t\t\t\t<div class=\"elementor-element elementor-element-8bcd8c5 elementor-widget elementor-widget-text-editor\" data-id=\"8bcd8c5\" data-element_type=\"widget\" data-e-type=\"widget\" data-widget_type=\"text-editor.default\">\n\t\t\t\t<div class=\"elementor-widget-container\">\n\t\t\t\t\t\t\t\t\t<p>Portugal \u00e9 um dos 4 pa\u00edses mais seguros do mundo, de acordo com o \u00cdndice de Paz Global 2021, logo atr\u00e1s da Isl\u00e2ndia, Nova Zel\u00e2ndia e Dinamarca.<\/p><p>Por outras palavras, \u00e9 o segundo entre os pa\u00edses da Uni\u00e3o Europeia.<\/p><p>O facto de Portugal ser considerado um dos pa\u00edses mais seguros do mundo \u00e9 uma mais-valia para a qualidade de vida dos portugueses e uma vantagem competitiva sobre os outros pa\u00edses.<\/p><p>A quest\u00e3o da seguran\u00e7a est\u00e1 longe de ser uma quest\u00e3o estritamente policial. Actualmente, a seguran\u00e7a \u00e9 um factor decisivo para atrair investimentos, para atrair turistas, para refor\u00e7ar a imagem global do pa\u00eds.<\/p><p>Em 2020, Portugal registou os indicadores de criminalidade mais baixos desde a exist\u00eancia do actual modelo de registo. E \u00e9 importante lembrar que este resultado foi obtido durante um per\u00edodo pand\u00e9mico (COVID-19), que em muitos pa\u00edses contribuiu para o aumento dos conflitos e para o aumento de algumas formas de crime.<\/p><p>Nesta 15\u00aa edi\u00e7\u00e3o do \u00cdndice, que abrange 99,7% da popula\u00e7\u00e3o mundial, conclui-se que o n\u00edvel global de paz continuou a deteriorar-se, num mundo onde os conflitos e crises que surgiram na \u00faltima d\u00e9cada come\u00e7aram a diminuir e est\u00e3o a ser substitu\u00eddos por uma nova onda de tens\u00e3o e incerteza em resultado da pandemia da COVID-19 &#8211; bem como tens\u00f5es crescentes entre as grandes pot\u00eancias.<\/p><p>As importantes medidas de seguran\u00e7a tomadas por Portugal nos \u00faltimos anos levaram a uma redu\u00e7\u00e3o da criminalidade e, consequentemente, a um aumento gradual e consolidado desta classifica\u00e7\u00e3o. \u00c9 de notar que em 2014, Portugal estava no 18\u00ba lugar depois de ter subido no ranking nos \u00faltimos anos.<\/p>\t\t\t\t\t\t\t\t<\/div>\n\t\t\t\t<\/div>\n\t\t\t\t\t<\/div>\n\t\t<\/div>\n\t\t\t\t\t<\/div>\n\t\t<\/section>\n\t\t\t\t<\/div>\n\t\t","protected":false},"excerpt":{"rendered":"<p>Portugal \u00e9 um dos 4 pa\u00edses mais seguros do mundo, de acordo com o \u00cdndice de Paz Global 2021, logo atr\u00e1s da Isl\u00e2ndia, Nova Zel\u00e2ndia e Dinamarca. Por outras palavras, \u00e9 o segundo entre os pa\u00edses da Uni\u00e3o Europeia. O facto de Portugal ser considerado um dos pa\u00edses mais seguros do mundo \u00e9 uma mais-valia&#8230;<\/p>\n","protected":false},"author":1,"featured_media":0,"parent":0,"menu_order":0,"comment_status":"closed","ping_status":"closed","template":"","meta":{"om_disable_all_campaigns":false,"_uag_custom_page_level_css":"","_joinchat":[],"footnotes":""},"class_list":["post-11127","page","type-page","status-publish","hentry"],"aioseo_notices":[],"uagb_featured_image_src":{"full":false,"thumbnail":false,"medium":false,"medium_large":false,"large":false,"1536x1536":false,"2048x2048":false,"post-thumbnail":false,"modern-property-child-slider":false,"property-thumb-image":false,"property-detail-video-image":false,"agent-image":false,"partners-logo":false,"post-featured-image":false},"uagb_author_info":{"display_name":"admin2969","author_link":"https:\/\/www.vb-realestate.com\/pt-pt\/author\/admin2969\/"},"uagb_comment_info":0,"uagb_excerpt":"Portugal \u00e9 um dos 4 pa\u00edses mais seguros do mundo, de acordo com o \u00cdndice de Paz Global 2021, logo atr\u00e1s da Isl\u00e2ndia, Nova Zel\u00e2ndia e Dinamarca. Por outras palavras, \u00e9 o segundo entre os pa\u00edses da Uni\u00e3o Europeia. O facto de Portugal ser considerado um dos pa\u00edses mais seguros do mundo \u00e9 uma mais-valia...","jetpack_sharing_enabled":true,"_links":{"self":[{"href":"https:\/\/www.vb-realestate.com\/pt-pt\/wp-json\/wp\/v2\/pages\/11127","targetHints":{"allow":["GET"]}}],"collection":[{"href":"https:\/\/www.vb-realestate.com\/pt-pt\/wp-json\/wp\/v2\/pages"}],"about":[{"href":"https:\/\/www.vb-realestate.com\/pt-pt\/wp-json\/wp\/v2\/types\/page"}],"author":[{"embeddable":true,"href":"https:\/\/www.vb-realestate.com\/pt-pt\/wp-json\/wp\/v2\/users\/1"}],"replies":[{"embeddable":true,"href":"https:\/\/www.vb-realestate.com\/pt-pt\/wp-json\/wp\/v2\/comments?post=11127"}],"version-history":[{"count":0,"href":"https:\/\/www.vb-realestate.com\/pt-pt\/wp-json\/wp\/v2\/pages\/11127\/revisions"}],"wp:attachment":[{"href":"https:\/\/www.vb-realestate.com\/pt-pt\/wp-json\/wp\/v2\/media?parent=11127"}],"curies":[{"name":"wp","href":"https:\/\/api.w.org\/{rel}","templated":true}]}}