{"id":11140,"date":"2021-10-17T18:03:40","date_gmt":"2021-10-17T16:03:40","guid":{"rendered":"https:\/\/vb-realestate.com\/?page_id=11140"},"modified":"2021-10-17T18:09:17","modified_gmt":"2021-10-17T16:09:17","slug":"30-07-2021-portugal-conheceu-o-maior-crescimento-economico-das-ultimas-decadas","status":"publish","type":"page","link":"https:\/\/www.vb-realestate.com\/pt-pt\/actualidade-2\/economia\/30-07-2021-portugal-conheceu-o-maior-crescimento-economico-das-ultimas-decadas\/","title":{"rendered":"30\/07\/2021 &#8211; Portugal conheceu o maior crescimento econ\u00f3mico das \u00faltimas d\u00e9cadas."},"content":{"rendered":"\t\t<div data-elementor-type=\"wp-page\" data-elementor-id=\"11140\" class=\"elementor elementor-11140 elementor-9882\" data-elementor-post-type=\"page\">\n\t\t\t\t\t\t<section class=\"elementor-section elementor-top-section elementor-element elementor-element-576dbed elementor-section-boxed elementor-section-height-default elementor-section-height-default\" data-id=\"576dbed\" data-element_type=\"section\" data-e-type=\"section\">\n\t\t\t\t\t\t<div class=\"elementor-container elementor-column-gap-default\">\n\t\t\t\t\t<div class=\"elementor-column elementor-col-100 elementor-top-column elementor-element elementor-element-3fe1754\" data-id=\"3fe1754\" data-element_type=\"column\" data-e-type=\"column\">\n\t\t\t<div class=\"elementor-widget-wrap elementor-element-populated\">\n\t\t\t\t\t\t<div class=\"elementor-element elementor-element-5d2cd66 elementor-widget elementor-widget-text-editor\" data-id=\"5d2cd66\" data-element_type=\"widget\" data-e-type=\"widget\" data-widget_type=\"text-editor.default\">\n\t\t\t\t<div class=\"elementor-widget-container\">\n\t\t\t\t\t\t\t\t\t<p>O Produto Interno Bruto (PIB) cresceu, em termos reais, 15,5% no segundo trimestre de 2021 em compara\u00e7\u00e3o com o mesmo per\u00edodo do ano anterior.<\/p><p>Os dados publicados hoje na r\u00e1pida estimativa do Instituto Nacional de Estat\u00edstica (INE) revelam tamb\u00e9m que, em compara\u00e7\u00e3o com o trimestre anterior, Portugal cresceu 4,9%, mais do que compensando a queda do PIB provocada pela pandemia no primeiro trimestre do ano.<\/p><p>Portugal atinge o n\u00edvel mais alto do PIB desde o in\u00edcio da pandemia, o que confirma a forte recupera\u00e7\u00e3o econ\u00f3mica em Portugal e a perspectiva de que com o progresso da vacina\u00e7\u00e3o e o controlo da situa\u00e7\u00e3o pand\u00e9mica, ser\u00e1 poss\u00edvel ultrapassar a estimativa de crescimento de 4% apresentada no programa de estabilidade.<\/p><h3>Bem acima da m\u00e9dia da zona euro<\/h3><p><br \/>Ap\u00f3s um decl\u00ednio acima da m\u00e9dia no primeiro trimestre (-3,2%) devido \u00e0 conten\u00e7\u00e3o causada pela pandemia, Portugal tem, no segundo trimestre at\u00e9 \u00e0 data, a maior taxa de crescimento (4,9%) entre os pa\u00edses da UE, como a Alemanha (1,5%), Espanha (2,8%), Fran\u00e7a (0,9%) ou It\u00e1lia (2,7%).<\/p>\t\t\t\t\t\t\t\t<\/div>\n\t\t\t\t<\/div>\n\t\t\t\t\t<\/div>\n\t\t<\/div>\n\t\t\t\t\t<\/div>\n\t\t<\/section>\n\t\t\t\t<\/div>\n\t\t","protected":false},"excerpt":{"rendered":"<p>O Produto Interno Bruto (PIB) cresceu, em termos reais, 15,5% no segundo trimestre de 2021 em compara\u00e7\u00e3o com o mesmo per\u00edodo do ano anterior. Os dados publicados hoje na r\u00e1pida estimativa do Instituto Nacional de Estat\u00edstica (INE) revelam tamb\u00e9m que, em compara\u00e7\u00e3o com o trimestre anterior, Portugal cresceu 4,9%, mais do que compensando a queda&#8230;<\/p>\n","protected":false},"author":1,"featured_media":0,"parent":10752,"menu_order":0,"comment_status":"closed","ping_status":"closed","template":"","meta":{"om_disable_all_campaigns":false,"_uag_custom_page_level_css":"","_joinchat":[],"footnotes":""},"class_list":["post-11140","page","type-page","status-publish","hentry"],"aioseo_notices":[],"uagb_featured_image_src":{"full":false,"thumbnail":false,"medium":false,"medium_large":false,"large":false,"1536x1536":false,"2048x2048":false,"post-thumbnail":false,"modern-property-child-slider":false,"property-thumb-image":false,"property-detail-video-image":false,"agent-image":false,"partners-logo":false,"post-featured-image":false},"uagb_author_info":{"display_name":"admin2969","author_link":"https:\/\/www.vb-realestate.com\/pt-pt\/author\/admin2969\/"},"uagb_comment_info":0,"uagb_excerpt":"O Produto Interno Bruto (PIB) cresceu, em termos reais, 15,5% no segundo trimestre de 2021 em compara\u00e7\u00e3o com o mesmo per\u00edodo do ano anterior. Os dados publicados hoje na r\u00e1pida estimativa do Instituto Nacional de Estat\u00edstica (INE) revelam tamb\u00e9m que, em compara\u00e7\u00e3o com o trimestre anterior, Portugal cresceu 4,9%, mais do que compensando a queda...","jetpack_sharing_enabled":true,"_links":{"self":[{"href":"https:\/\/www.vb-realestate.com\/pt-pt\/wp-json\/wp\/v2\/pages\/11140","targetHints":{"allow":["GET"]}}],"collection":[{"href":"https:\/\/www.vb-realestate.com\/pt-pt\/wp-json\/wp\/v2\/pages"}],"about":[{"href":"https:\/\/www.vb-realestate.com\/pt-pt\/wp-json\/wp\/v2\/types\/page"}],"author":[{"embeddable":true,"href":"https:\/\/www.vb-realestate.com\/pt-pt\/wp-json\/wp\/v2\/users\/1"}],"replies":[{"embeddable":true,"href":"https:\/\/www.vb-realestate.com\/pt-pt\/wp-json\/wp\/v2\/comments?post=11140"}],"version-history":[{"count":0,"href":"https:\/\/www.vb-realestate.com\/pt-pt\/wp-json\/wp\/v2\/pages\/11140\/revisions"}],"up":[{"embeddable":true,"href":"https:\/\/www.vb-realestate.com\/pt-pt\/wp-json\/wp\/v2\/pages\/10752"}],"wp:attachment":[{"href":"https:\/\/www.vb-realestate.com\/pt-pt\/wp-json\/wp\/v2\/media?parent=11140"}],"curies":[{"name":"wp","href":"https:\/\/api.w.org\/{rel}","templated":true}]}}