{"id":8545,"date":"2021-06-08T23:24:29","date_gmt":"2021-06-08T21:24:29","guid":{"rendered":"https:\/\/vb-realestate.com\/nossos-agentes\/"},"modified":"2021-11-26T12:50:08","modified_gmt":"2021-11-26T11:50:08","slug":"nossos-agentes","status":"publish","type":"page","link":"https:\/\/www.vb-realestate.com\/pt-pt\/nossos-agentes\/","title":{"rendered":"Nossos Agentes"},"content":{"rendered":"\n&#8220;Este site \u00e9 protegido por reCAPTCHA. A <a href=\"https:\/\/policies.google.com\/privacy?hl=pt-PT\">  Pol\u00edtica de Privacidade<\/a> e os <a href=\"https:\/\/policies.google.com\/terms?hl=pt-PT\"> Termos de Utiliza\u00e7\u00e3o <\/a> do Google s\u00e3o aplicados.&#8221;\n","protected":false},"excerpt":{"rendered":"<p>&#8220;Este site \u00e9 protegido por reCAPTCHA. A Pol\u00edtica de Privacidade e os Termos de Utiliza\u00e7\u00e3o do Google s\u00e3o aplicados.&#8221;<\/p>\n","protected":false},"author":1,"featured_media":0,"parent":0,"menu_order":0,"comment_status":"closed","ping_status":"closed","template":"templates\/agents-list.php","meta":{"om_disable_all_campaigns":false,"_uag_custom_page_level_css":"","_joinchat":[],"footnotes":""},"class_list":["post-8545","page","type-page","status-publish","hentry"],"aioseo_notices":[],"uagb_featured_image_src":{"full":false,"thumbnail":false,"medium":false,"medium_large":false,"large":false,"1536x1536":false,"2048x2048":false,"post-thumbnail":false,"modern-property-child-slider":false,"property-thumb-image":false,"property-detail-video-image":false,"agent-image":false,"partners-logo":false,"post-featured-image":false},"uagb_author_info":{"display_name":"admin2969","author_link":"https:\/\/www.vb-realestate.com\/pt-pt\/author\/admin2969\/"},"uagb_comment_info":0,"uagb_excerpt":"&#8220;Este site \u00e9 protegido por reCAPTCHA. A Pol\u00edtica de Privacidade e os Termos de Utiliza\u00e7\u00e3o do Google s\u00e3o aplicados.&#8221;","jetpack_sharing_enabled":true,"_links":{"self":[{"href":"https:\/\/www.vb-realestate.com\/pt-pt\/wp-json\/wp\/v2\/pages\/8545","targetHints":{"allow":["GET"]}}],"collection":[{"href":"https:\/\/www.vb-realestate.com\/pt-pt\/wp-json\/wp\/v2\/pages"}],"about":[{"href":"https:\/\/www.vb-realestate.com\/pt-pt\/wp-json\/wp\/v2\/types\/page"}],"author":[{"embeddable":true,"href":"https:\/\/www.vb-realestate.com\/pt-pt\/wp-json\/wp\/v2\/users\/1"}],"replies":[{"embeddable":true,"href":"https:\/\/www.vb-realestate.com\/pt-pt\/wp-json\/wp\/v2\/comments?post=8545"}],"version-history":[{"count":0,"href":"https:\/\/www.vb-realestate.com\/pt-pt\/wp-json\/wp\/v2\/pages\/8545\/revisions"}],"wp:attachment":[{"href":"https:\/\/www.vb-realestate.com\/pt-pt\/wp-json\/wp\/v2\/media?parent=8545"}],"curies":[{"name":"wp","href":"https:\/\/api.w.org\/{rel}","templated":true}]}}