{"id":8775,"date":"2021-06-21T13:00:27","date_gmt":"2021-06-21T11:00:27","guid":{"rendered":"https:\/\/vb-realestate.com\/?page_id=8775"},"modified":"2024-01-12T15:35:15","modified_gmt":"2024-01-12T14:35:15","slug":"contacto-2","status":"publish","type":"page","link":"https:\/\/www.vb-realestate.com\/pt-pt\/contacto-2\/","title":{"rendered":"Contacto"},"content":{"rendered":"\n&#8220;Este site \u00e9 protegido por reCAPTCHA. A <a href=\"https:\/\/policies.google.com\/privacy?hl=pt-PT\">  Pol\u00edtica de Privacidade<\/a> e os <a href=\"https:\/\/policies.google.com\/terms?hl=pt-PT\"> Termos de Utiliza\u00e7\u00e3o <\/a> do Google s\u00e3o aplicados.&#8221;\n\n\n\n<div style=\"height:53px\" aria-hidden=\"true\" class=\"wp-block-spacer\"><\/div>\n","protected":false},"excerpt":{"rendered":"<p>&#8220;Este site \u00e9 protegido por reCAPTCHA. A Pol\u00edtica de Privacidade e os Termos de Utiliza\u00e7\u00e3o do Google s\u00e3o aplicados.&#8221;<\/p>\n","protected":false},"author":1,"featured_media":0,"parent":0,"menu_order":0,"comment_status":"open","ping_status":"closed","template":"templates\/contact.php","meta":{"om_disable_all_campaigns":false,"_uag_custom_page_level_css":"","_joinchat":[],"footnotes":""},"class_list":["post-8775","page","type-page","status-publish","hentry"],"aioseo_notices":[],"uagb_featured_image_src":{"full":false,"thumbnail":false,"medium":false,"medium_large":false,"large":false,"1536x1536":false,"2048x2048":false,"post-thumbnail":false,"modern-property-child-slider":false,"property-thumb-image":false,"property-detail-video-image":false,"agent-image":false,"partners-logo":false,"post-featured-image":false},"uagb_author_info":{"display_name":"admin2969","author_link":"https:\/\/www.vb-realestate.com\/pt-pt\/author\/admin2969\/"},"uagb_comment_info":0,"uagb_excerpt":"&#8220;Este site \u00e9 protegido por reCAPTCHA. A Pol\u00edtica de Privacidade e os Termos de Utiliza\u00e7\u00e3o do Google s\u00e3o aplicados.&#8221;","jetpack_sharing_enabled":true,"_links":{"self":[{"href":"https:\/\/www.vb-realestate.com\/pt-pt\/wp-json\/wp\/v2\/pages\/8775","targetHints":{"allow":["GET"]}}],"collection":[{"href":"https:\/\/www.vb-realestate.com\/pt-pt\/wp-json\/wp\/v2\/pages"}],"about":[{"href":"https:\/\/www.vb-realestate.com\/pt-pt\/wp-json\/wp\/v2\/types\/page"}],"author":[{"embeddable":true,"href":"https:\/\/www.vb-realestate.com\/pt-pt\/wp-json\/wp\/v2\/users\/1"}],"replies":[{"embeddable":true,"href":"https:\/\/www.vb-realestate.com\/pt-pt\/wp-json\/wp\/v2\/comments?post=8775"}],"version-history":[{"count":1,"href":"https:\/\/www.vb-realestate.com\/pt-pt\/wp-json\/wp\/v2\/pages\/8775\/revisions"}],"predecessor-version":[{"id":27959,"href":"https:\/\/www.vb-realestate.com\/pt-pt\/wp-json\/wp\/v2\/pages\/8775\/revisions\/27959"}],"wp:attachment":[{"href":"https:\/\/www.vb-realestate.com\/pt-pt\/wp-json\/wp\/v2\/media?parent=8775"}],"curies":[{"name":"wp","href":"https:\/\/api.w.org\/{rel}","templated":true}]}}